{"id":959,"date":"2021-12-28T15:27:11","date_gmt":"2021-12-28T14:27:11","guid":{"rendered":"https:\/\/bora-experience.si\/slovenian-istra\/"},"modified":"2022-02-17T15:46:19","modified_gmt":"2022-02-17T14:46:19","slug":"slovenian-istra","status":"publish","type":"page","link":"https:\/\/bora-experience.si\/en\/slovenian-istra\/","title":{"rendered":"Slovenian Istra"},"content":{"rendered":"<div class=\"wpb-content-wrapper\"><p>[vc_row full_content_width=&#8221;row-inner-full&#8221; row_height_type=&#8221;fixed_height&#8221; height=&#8221;20%&#8221; bg_color=&#8221;#000000&#8243;][vc_column][vc_heading h_size=&#8221;h-large&#8221; title=&#8221;Slovenian Istra&#8221; title_color=&#8221;#ffffff&#8221; subtitle=&#8221;Culinarics, culture, history, nature, Mediterranean climate and sea.&#8221; subtitle_color=&#8221;#eaeaea&#8221; divider=&#8221;div-between&#8221;][\/vc_column][\/vc_row][vc_row][vc_column][vc_column_text]<\/p>\n<p style=\"text-align: center;\"><strong>Why cycling in Slovenian Istria?<\/strong><\/p>\n<p style=\"text-align: center;\">Slovenian Istria is diverse, attractive, with unspoiled nature, moderate climate and offers excellent cycling routes. Experience it and explore with us, our top e-bikes and a professional guide!<\/p>\n<p style=\"text-align: center;\"><strong>Koper <\/strong>is an old Venetian city and a place where archaic architecture mixes with modern. It is the city of the sun, through which the old railway line led all the way to Pore\u010d in Croatia, now the <strong>Parenzana <\/strong>cycling route. We follow it to the surrounding seaside towns, the picturesque fishing town of <strong>Izola<\/strong>, the <strong>Strunjan Regional Park with its salt pans<\/strong> and the 80-meter-high flysch cliff on the north side, which descends to the natural seashore and lagoon. The path takes us further to lively <strong>Portoro\u017e<\/strong>, and to the pearl of Slovenian Istria \u2013 <strong>Piran<\/strong>, the city of violin virtuoso Giuseppe Tartini, and to the still operating <strong>Se\u010dovlje salt pans<\/strong>.<\/p>\n<p style=\"text-align: center;\">Cycle the nearby hills, beautiful Istrian villages; enjoy the views of the <strong>Slovenian coast<\/strong>, salt pans, vineyards, olive groves and the Gulf of Trieste. With a little luck, in clear weather, your view will spread all the way to the Julian Alps and the Dolomites. The historical remains of the Istrian villages of <strong>Korte<\/strong> (208 m), Ga\u017eon (241 m), Krog (260 m) and the sources of drinking water will surely impress you. The compact village of Padna (208 m) with 300-years-old trees, olive groves and vineyards, the <strong>Dragonja valley<\/strong>, once full of mills, now with interesting terraces and wild nature, invite you to visit them. You will be charmed by Pomjan (342 m), a picturesque village that stretches from the top of Stra\u017ea (377 m) to the top of Poljana (406 m) with the highest peak in \u0160avrini (405 m), Marezige (224 m), the heart of specific Refo\u0161k vine, \u200b\u200band Hrastovlje (165 m) with the famous stone church of the Trinity. On the way, we admire also Zazid (387 m), once surrounded by walls, a village with many water springs, Podpe\u010d (292 m), a clustered settlement just below the Karst edge with world-famous stone walls.<\/p>\n<p style=\"text-align: center;\">Authentic gastronomy, salt pans, vineyards, olive groves and friendly people, the blue sea colour and beautiful sunsets will surely leave a big impression and call you again and again to this little piece of paradise.<\/p>\n<p style=\"text-align: center;\"><strong>Cycling trails and tours<\/strong><\/p>\n<p style=\"text-align: center;\"><strong>The meeting point is in the city of Izola, the exact location is announced after registration.<\/strong><\/p>\n<p style=\"text-align: center;\"><strong>In the hinterland of the Slovenian Istria, there are many marked and unmarked cycling routes of various levels of difficulty, representing the best Slovenia has to offer in terms of off-road cycling. We take you along beautifully arranged asphalt and macadam cycle paths, while more experienced ones enjoy forest paths and single-tracks with variously demanding ascents and descents. The tours are divided into easy, medium and more demanding. They are suitable for beginners as well as families with children and experienced cyclists.<\/strong><\/p>\n<p style=\"text-align: center;\"><strong>Culinary<\/strong><\/p>\n<p style=\"text-align: center;\"><strong>We offer only the best on our tours. Local gastronomic specialties such as Istrian truffles and homemade pasta \u2013 fu\u017ei, and other delicacies such as Istrian cold cuts, wild asparagus, fish from the Adriatic Sea, all prepared with Istrian extra virgin olive oil, typical herbs and spices, with a Refo\u0161k or Malvasia glass of wine. On half-day tours, we organize an Istrian snack by previous arrangement, and on a full-day tour, we organize an Istrian lunch. We have not forgotten about vegetarians and vegans. By previous arrangement, you can see on our cycling trips how olive oil, salt, wine, etc. are produced in these times. It is also possible to buy home-grown products.<\/strong><\/p>\n<p>[\/vc_column_text][\/vc_column][\/vc_row][vc_row][vc_column][vc_carousel images=&#8221;898,900,902,904,906,908,910,912,869&#8243; items_row=&#8221;3&#8243; responsive=&#8221;true&#8221; autoplay=&#8221;1000&#8243;][\/vc_column][\/vc_row]<\/p>\n<\/div>","protected":false},"excerpt":{"rendered":"<p>[vc_row full_content_width=&#8221;row-inner-full&#8221; row_height_type=&#8221;fixed_height&#8221; height=&#8221;20%&#8221; bg_color=&#8221;#000000&#8243;][vc_column][vc_heading h_size=&#8221;h-large&#8221; title=&#8221;Slovenian Istra&#8221; title_color=&#8221;#ffffff&#8221; subtitle=&#8221;Culinarics, culture, history, nature, Mediterranean climate and sea.&#8221; subtitle_color=&#8221;#eaeaea&#8221; divider=&#8221;div-between&#8221;][\/vc_column][\/vc_row][vc_row][vc_column][vc_column_text] Why cycling in Slovenian Istria? Slovenian Istria is diverse, attractive, with unspoiled nature, moderate climate and offers excellent cycling routes. Experience it and explore with us, our top e-bikes and a professional guide! Koper is an old Venetian city and a place where archaic architecture mixes with modern. It is the city of the sun, through&#8230;  <\/p>\n<div class=\"read-more\"><a class=\"excerpt-read-more\" href=\"https:\/\/bora-experience.si\/en\/slovenian-istra\/\" title=\"Continue reading Slovenian Istra\">Read more<i class=\"fa fa-angle-right\"><\/i><\/a><\/div>\n","protected":false},"author":4,"featured_media":0,"parent":0,"menu_order":0,"comment_status":"closed","ping_status":"closed","template":"page-full-width.php","meta":{"footnotes":""},"yoast_head":"<!-- This site is optimized with the Yoast SEO plugin v23.6 - https:\/\/yoast.com\/wordpress\/plugins\/seo\/ -->\n<title>Slovenian Istra - BORA Experience<\/title>\n<meta name=\"robots\" content=\"index, follow, max-snippet:-1, max-image-preview:large, max-video-preview:-1\" \/>\n<link rel=\"canonical\" href=\"https:\/\/bora-experience.si\/en\/slovenian-istra\/\" \/>\n<meta property=\"og:locale\" content=\"en_US\" \/>\n<meta property=\"og:type\" content=\"article\" \/>\n<meta property=\"og:title\" content=\"Slovenian Istra - BORA Experience\" \/>\n<meta property=\"og:description\" content=\"[vc_row full_content_width=&#8221;row-inner-full&#8221; row_height_type=&#8221;fixed_height&#8221; height=&#8221;20%&#8221; bg_color=&#8221;#000000&#8243;][vc_column][vc_heading h_size=&#8221;h-large&#8221; title=&#8221;Slovenian Istra&#8221; title_color=&#8221;#ffffff&#8221; subtitle=&#8221;Culinarics, culture, history, nature, Mediterranean climate and sea.&#8221; subtitle_color=&#8221;#eaeaea&#8221; divider=&#8221;div-between&#8221;][\/vc_column][\/vc_row][vc_row][vc_column][vc_column_text] Why cycling in Slovenian Istria? Slovenian Istria is diverse, attractive, with unspoiled nature, moderate climate and offers excellent cycling routes. Experience it and explore with us, our top e-bikes and a professional guide! Koper is an old Venetian city and a place where archaic architecture mixes with modern. It is the city of the sun, through... Read more\" \/>\n<meta property=\"og:url\" content=\"https:\/\/bora-experience.si\/en\/slovenian-istra\/\" \/>\n<meta property=\"og:site_name\" content=\"BORA Experience\" \/>\n<meta property=\"article:publisher\" content=\"https:\/\/www.facebook.com\/Bora-Experience-107522161486386\" \/>\n<meta property=\"article:modified_time\" content=\"2022-02-17T14:46:19+00:00\" \/>\n<meta property=\"og:image\" content=\"https:\/\/bora-experience.si\/wp-content\/uploads\/2022\/07\/Bora-Experience-vodene-ture-z-elektricnimi-kolesi-po-slovenski-Istri-9.jpg\" \/>\n\t<meta property=\"og:image:width\" content=\"1008\" \/>\n\t<meta property=\"og:image:height\" content=\"756\" \/>\n\t<meta property=\"og:image:type\" content=\"image\/jpeg\" \/>\n<meta name=\"twitter:card\" content=\"summary_large_image\" \/>\n<meta name=\"twitter:label1\" content=\"Est. reading time\" \/>\n\t<meta name=\"twitter:data1\" content=\"3 minutes\" \/>\n<script type=\"application\/ld+json\" class=\"yoast-schema-graph\">{\"@context\":\"https:\/\/schema.org\",\"@graph\":[{\"@type\":\"WebPage\",\"@id\":\"https:\/\/bora-experience.si\/en\/slovenian-istra\/\",\"url\":\"https:\/\/bora-experience.si\/en\/slovenian-istra\/\",\"name\":\"Slovenian Istra - BORA Experience\",\"isPartOf\":{\"@id\":\"https:\/\/bora-experience.si\/#website\"},\"datePublished\":\"2021-12-28T14:27:11+00:00\",\"dateModified\":\"2022-02-17T14:46:19+00:00\",\"breadcrumb\":{\"@id\":\"https:\/\/bora-experience.si\/en\/slovenian-istra\/#breadcrumb\"},\"inLanguage\":\"en-US\",\"potentialAction\":[{\"@type\":\"ReadAction\",\"target\":[\"https:\/\/bora-experience.si\/en\/slovenian-istra\/\"]}]},{\"@type\":\"BreadcrumbList\",\"@id\":\"https:\/\/bora-experience.si\/en\/slovenian-istra\/#breadcrumb\",\"itemListElement\":[{\"@type\":\"ListItem\",\"position\":1,\"name\":\"Home\",\"item\":\"https:\/\/bora-experience.si\/en\/home-page\/\"},{\"@type\":\"ListItem\",\"position\":2,\"name\":\"Slovenian Istra\"}]},{\"@type\":\"WebSite\",\"@id\":\"https:\/\/bora-experience.si\/#website\",\"url\":\"https:\/\/bora-experience.si\/\",\"name\":\"BORA Experience\",\"description\":\"E-Bikes Tours\",\"publisher\":{\"@id\":\"https:\/\/bora-experience.si\/#organization\"},\"potentialAction\":[{\"@type\":\"SearchAction\",\"target\":{\"@type\":\"EntryPoint\",\"urlTemplate\":\"https:\/\/bora-experience.si\/?s={search_term_string}\"},\"query-input\":{\"@type\":\"PropertyValueSpecification\",\"valueRequired\":true,\"valueName\":\"search_term_string\"}}],\"inLanguage\":\"en-US\"},{\"@type\":\"Organization\",\"@id\":\"https:\/\/bora-experience.si\/#organization\",\"name\":\"Bora Experience\",\"url\":\"https:\/\/bora-experience.si\/\",\"logo\":{\"@type\":\"ImageObject\",\"inLanguage\":\"en-US\",\"@id\":\"https:\/\/bora-experience.si\/#\/schema\/logo\/image\/\",\"url\":\"https:\/\/bora-experience.si\/wp-content\/uploads\/2022\/03\/cropped-Bora-logotipi2-jpg.jpg\",\"contentUrl\":\"https:\/\/bora-experience.si\/wp-content\/uploads\/2022\/03\/cropped-Bora-logotipi2-jpg.jpg\",\"width\":512,\"height\":512,\"caption\":\"Bora Experience\"},\"image\":{\"@id\":\"https:\/\/bora-experience.si\/#\/schema\/logo\/image\/\"},\"sameAs\":[\"https:\/\/www.facebook.com\/Bora-Experience-107522161486386\"]}]}<\/script>\n<!-- \/ Yoast SEO plugin. -->","yoast_head_json":{"title":"Slovenian Istra - BORA Experience","robots":{"index":"index","follow":"follow","max-snippet":"max-snippet:-1","max-image-preview":"max-image-preview:large","max-video-preview":"max-video-preview:-1"},"canonical":"https:\/\/bora-experience.si\/en\/slovenian-istra\/","og_locale":"en_US","og_type":"article","og_title":"Slovenian Istra - BORA Experience","og_description":"[vc_row full_content_width=&#8221;row-inner-full&#8221; row_height_type=&#8221;fixed_height&#8221; height=&#8221;20%&#8221; bg_color=&#8221;#000000&#8243;][vc_column][vc_heading h_size=&#8221;h-large&#8221; title=&#8221;Slovenian Istra&#8221; title_color=&#8221;#ffffff&#8221; subtitle=&#8221;Culinarics, culture, history, nature, Mediterranean climate and sea.&#8221; subtitle_color=&#8221;#eaeaea&#8221; divider=&#8221;div-between&#8221;][\/vc_column][\/vc_row][vc_row][vc_column][vc_column_text] Why cycling in Slovenian Istria? Slovenian Istria is diverse, attractive, with unspoiled nature, moderate climate and offers excellent cycling routes. Experience it and explore with us, our top e-bikes and a professional guide! Koper is an old Venetian city and a place where archaic architecture mixes with modern. It is the city of the sun, through... Read more","og_url":"https:\/\/bora-experience.si\/en\/slovenian-istra\/","og_site_name":"BORA Experience","article_publisher":"https:\/\/www.facebook.com\/Bora-Experience-107522161486386","article_modified_time":"2022-02-17T14:46:19+00:00","og_image":[{"width":1008,"height":756,"url":"https:\/\/bora-experience.si\/wp-content\/uploads\/2022\/07\/Bora-Experience-vodene-ture-z-elektricnimi-kolesi-po-slovenski-Istri-9.jpg","type":"image\/jpeg"}],"twitter_card":"summary_large_image","twitter_misc":{"Est. reading time":"3 minutes"},"schema":{"@context":"https:\/\/schema.org","@graph":[{"@type":"WebPage","@id":"https:\/\/bora-experience.si\/en\/slovenian-istra\/","url":"https:\/\/bora-experience.si\/en\/slovenian-istra\/","name":"Slovenian Istra - BORA Experience","isPartOf":{"@id":"https:\/\/bora-experience.si\/#website"},"datePublished":"2021-12-28T14:27:11+00:00","dateModified":"2022-02-17T14:46:19+00:00","breadcrumb":{"@id":"https:\/\/bora-experience.si\/en\/slovenian-istra\/#breadcrumb"},"inLanguage":"en-US","potentialAction":[{"@type":"ReadAction","target":["https:\/\/bora-experience.si\/en\/slovenian-istra\/"]}]},{"@type":"BreadcrumbList","@id":"https:\/\/bora-experience.si\/en\/slovenian-istra\/#breadcrumb","itemListElement":[{"@type":"ListItem","position":1,"name":"Home","item":"https:\/\/bora-experience.si\/en\/home-page\/"},{"@type":"ListItem","position":2,"name":"Slovenian Istra"}]},{"@type":"WebSite","@id":"https:\/\/bora-experience.si\/#website","url":"https:\/\/bora-experience.si\/","name":"BORA Experience","description":"E-Bikes Tours","publisher":{"@id":"https:\/\/bora-experience.si\/#organization"},"potentialAction":[{"@type":"SearchAction","target":{"@type":"EntryPoint","urlTemplate":"https:\/\/bora-experience.si\/?s={search_term_string}"},"query-input":{"@type":"PropertyValueSpecification","valueRequired":true,"valueName":"search_term_string"}}],"inLanguage":"en-US"},{"@type":"Organization","@id":"https:\/\/bora-experience.si\/#organization","name":"Bora Experience","url":"https:\/\/bora-experience.si\/","logo":{"@type":"ImageObject","inLanguage":"en-US","@id":"https:\/\/bora-experience.si\/#\/schema\/logo\/image\/","url":"https:\/\/bora-experience.si\/wp-content\/uploads\/2022\/03\/cropped-Bora-logotipi2-jpg.jpg","contentUrl":"https:\/\/bora-experience.si\/wp-content\/uploads\/2022\/03\/cropped-Bora-logotipi2-jpg.jpg","width":512,"height":512,"caption":"Bora Experience"},"image":{"@id":"https:\/\/bora-experience.si\/#\/schema\/logo\/image\/"},"sameAs":["https:\/\/www.facebook.com\/Bora-Experience-107522161486386"]}]}},"jetpack_sharing_enabled":true,"_links":{"self":[{"href":"https:\/\/bora-experience.si\/en\/wp-json\/wp\/v2\/pages\/959"}],"collection":[{"href":"https:\/\/bora-experience.si\/en\/wp-json\/wp\/v2\/pages"}],"about":[{"href":"https:\/\/bora-experience.si\/en\/wp-json\/wp\/v2\/types\/page"}],"author":[{"embeddable":true,"href":"https:\/\/bora-experience.si\/en\/wp-json\/wp\/v2\/users\/4"}],"replies":[{"embeddable":true,"href":"https:\/\/bora-experience.si\/en\/wp-json\/wp\/v2\/comments?post=959"}],"version-history":[{"count":0,"href":"https:\/\/bora-experience.si\/en\/wp-json\/wp\/v2\/pages\/959\/revisions"}],"wp:attachment":[{"href":"https:\/\/bora-experience.si\/en\/wp-json\/wp\/v2\/media?parent=959"}],"curies":[{"name":"wp","href":"https:\/\/api.w.org\/{rel}","templated":true}]}}