{"id":963,"date":"2021-12-28T15:33:00","date_gmt":"2021-12-28T14:33:00","guid":{"rendered":"https:\/\/bora-experience.si\/guide\/"},"modified":"2024-09-11T14:55:57","modified_gmt":"2024-09-11T12:55:57","slug":"guide","status":"publish","type":"page","link":"https:\/\/bora-experience.si\/en\/guide\/","title":{"rendered":"Guide"},"content":{"rendered":"<div class=\"wpb-content-wrapper\"><p>[vc_row full_content_width=&#8221;row-inner-full&#8221; row_height_type=&#8221;fixed_height&#8221; height=&#8221;10%&#8221; bg_type=&#8221;image&#8221; parallax_bg=&#8221;parallax-bg&#8221; bg_position=&#8221;&#8221; bg_image=&#8221;75&#8243; bg_color=&#8221;#0a0a0a&#8221;][vc_column][vc_heading h_size=&#8221;h-large&#8221; title=&#8221;Our guide&#8221; title_color=&#8221;#fcfcfc&#8221; subtitle=&#8221;experienced professional licensed guide&#8221; subtitle_color=&#8221;#eaeaea&#8221; divider=&#8221;div-between&#8221;][\/vc_column][\/vc_row][vc_row][vc_column width=&#8221;1\/2&#8243;][vc_magic_image image=&#8221;605&#8243; alignment=&#8221;center&#8221; radius=&#8221;100%&#8221; img_size=&#8221;large&#8221;][\/vc_column][vc_column width=&#8221;1\/2&#8243;][vc_heading title=&#8221;Sebastian Prin\u010di\u010d&#8221;][vc_column_text]<\/p>\n<p style=\"text-align: left;\">The licensed Bora Experience guide is experienced cyclist Sebastian Prin\u010di\u010d. He cycled a lot in Slovenia, Austria, Italy, France and Switzerland. With a lot of experience as a mountain biking guide and admirer of Slovenian Istria, he adores unspoiled nature, breath-taking views and genuine relationships with the people of Istrian villages. He will cycle with you along carefully selected paths and hidden Istrian gems, take you to the most beautiful viewing points and provide you with a complete experience of Slovenian Istria. He is also a teacher and coach of mountain biking and one of the founders of the local MTB club Boshk.<\/p>\n<p>[\/vc_column_text][\/vc_column][\/vc_row]<\/p>\n<\/div>","protected":false},"excerpt":{"rendered":"<p>[vc_row full_content_width=&#8221;row-inner-full&#8221; row_height_type=&#8221;fixed_height&#8221; height=&#8221;10%&#8221; bg_type=&#8221;image&#8221; parallax_bg=&#8221;parallax-bg&#8221; bg_position=&#8221;&#8221; bg_image=&#8221;75&#8243; bg_color=&#8221;#0a0a0a&#8221;][vc_column][vc_heading h_size=&#8221;h-large&#8221; title=&#8221;Our guide&#8221; title_color=&#8221;#fcfcfc&#8221; subtitle=&#8221;experienced professional licensed guide&#8221; subtitle_color=&#8221;#eaeaea&#8221; divider=&#8221;div-between&#8221;][\/vc_column][\/vc_row][vc_row][vc_column width=&#8221;1\/2&#8243;][vc_magic_image image=&#8221;605&#8243; alignment=&#8221;center&#8221; radius=&#8221;100%&#8221; img_size=&#8221;large&#8221;][\/vc_column][vc_column width=&#8221;1\/2&#8243;][vc_heading title=&#8221;Sebastian Prin\u010di\u010d&#8221;][vc_column_text] The licensed Bora Experience guide is experienced cyclist Sebastian Prin\u010di\u010d. He cycled a lot in Slovenia, Austria, Italy, France and Switzerland. With a lot of experience as a mountain biking guide and admirer of Slovenian Istria, he adores unspoiled nature, breath-taking views and genuine relationships with the people&#8230;  <\/p>\n<div class=\"read-more\"><a class=\"excerpt-read-more\" href=\"https:\/\/bora-experience.si\/en\/guide\/\" title=\"Continue reading Guide\">Read more<i class=\"fa fa-angle-right\"><\/i><\/a><\/div>\n","protected":false},"author":2,"featured_media":0,"parent":0,"menu_order":0,"comment_status":"closed","ping_status":"closed","template":"page-full-width.php","meta":{"footnotes":""},"yoast_head":"<!-- This site is optimized with the Yoast SEO plugin v23.6 - https:\/\/yoast.com\/wordpress\/plugins\/seo\/ -->\n<title>Guide - BORA Experience<\/title>\n<meta name=\"robots\" content=\"index, follow, max-snippet:-1, max-image-preview:large, max-video-preview:-1\" \/>\n<link rel=\"canonical\" href=\"https:\/\/bora-experience.si\/en\/guide\/\" \/>\n<meta property=\"og:locale\" content=\"en_US\" \/>\n<meta property=\"og:type\" content=\"article\" \/>\n<meta property=\"og:title\" content=\"Guide - BORA Experience\" \/>\n<meta property=\"og:description\" content=\"[vc_row full_content_width=&#8221;row-inner-full&#8221; row_height_type=&#8221;fixed_height&#8221; height=&#8221;10%&#8221; bg_type=&#8221;image&#8221; parallax_bg=&#8221;parallax-bg&#8221; bg_position=&#8221;&#8221; bg_image=&#8221;75&#8243; bg_color=&#8221;#0a0a0a&#8221;][vc_column][vc_heading h_size=&#8221;h-large&#8221; title=&#8221;Our guide&#8221; title_color=&#8221;#fcfcfc&#8221; subtitle=&#8221;experienced professional licensed guide&#8221; subtitle_color=&#8221;#eaeaea&#8221; divider=&#8221;div-between&#8221;][\/vc_column][\/vc_row][vc_row][vc_column width=&#8221;1\/2&#8243;][vc_magic_image image=&#8221;605&#8243; alignment=&#8221;center&#8221; radius=&#8221;100%&#8221; img_size=&#8221;large&#8221;][\/vc_column][vc_column width=&#8221;1\/2&#8243;][vc_heading title=&#8221;Sebastian Prin\u010di\u010d&#8221;][vc_column_text] The licensed Bora Experience guide is experienced cyclist Sebastian Prin\u010di\u010d. He cycled a lot in Slovenia, Austria, Italy, France and Switzerland. With a lot of experience as a mountain biking guide and admirer of Slovenian Istria, he adores unspoiled nature, breath-taking views and genuine relationships with the people... Read more\" \/>\n<meta property=\"og:url\" content=\"https:\/\/bora-experience.si\/en\/guide\/\" \/>\n<meta property=\"og:site_name\" content=\"BORA Experience\" \/>\n<meta property=\"article:publisher\" content=\"https:\/\/www.facebook.com\/Bora-Experience-107522161486386\" \/>\n<meta property=\"article:modified_time\" content=\"2024-09-11T12:55:57+00:00\" \/>\n<meta property=\"og:image\" content=\"https:\/\/bora-experience.si\/wp-content\/uploads\/2022\/07\/Bora-Experience-vodene-ture-z-elektricnimi-kolesi-po-slovenski-Istri-9.jpg\" \/>\n\t<meta property=\"og:image:width\" content=\"1008\" \/>\n\t<meta property=\"og:image:height\" content=\"756\" \/>\n\t<meta property=\"og:image:type\" content=\"image\/jpeg\" \/>\n<meta name=\"twitter:card\" content=\"summary_large_image\" \/>\n<meta name=\"twitter:label1\" content=\"Est. reading time\" \/>\n\t<meta name=\"twitter:data1\" content=\"1 minute\" \/>\n<script type=\"application\/ld+json\" class=\"yoast-schema-graph\">{\"@context\":\"https:\/\/schema.org\",\"@graph\":[{\"@type\":\"WebPage\",\"@id\":\"https:\/\/bora-experience.si\/en\/guide\/\",\"url\":\"https:\/\/bora-experience.si\/en\/guide\/\",\"name\":\"Guide - BORA Experience\",\"isPartOf\":{\"@id\":\"https:\/\/bora-experience.si\/#website\"},\"datePublished\":\"2021-12-28T14:33:00+00:00\",\"dateModified\":\"2024-09-11T12:55:57+00:00\",\"breadcrumb\":{\"@id\":\"https:\/\/bora-experience.si\/en\/guide\/#breadcrumb\"},\"inLanguage\":\"en-US\",\"potentialAction\":[{\"@type\":\"ReadAction\",\"target\":[\"https:\/\/bora-experience.si\/en\/guide\/\"]}]},{\"@type\":\"BreadcrumbList\",\"@id\":\"https:\/\/bora-experience.si\/en\/guide\/#breadcrumb\",\"itemListElement\":[{\"@type\":\"ListItem\",\"position\":1,\"name\":\"Home\",\"item\":\"https:\/\/bora-experience.si\/en\/home-page\/\"},{\"@type\":\"ListItem\",\"position\":2,\"name\":\"Guide\"}]},{\"@type\":\"WebSite\",\"@id\":\"https:\/\/bora-experience.si\/#website\",\"url\":\"https:\/\/bora-experience.si\/\",\"name\":\"BORA Experience\",\"description\":\"E-Bikes Tours\",\"publisher\":{\"@id\":\"https:\/\/bora-experience.si\/#organization\"},\"potentialAction\":[{\"@type\":\"SearchAction\",\"target\":{\"@type\":\"EntryPoint\",\"urlTemplate\":\"https:\/\/bora-experience.si\/?s={search_term_string}\"},\"query-input\":{\"@type\":\"PropertyValueSpecification\",\"valueRequired\":true,\"valueName\":\"search_term_string\"}}],\"inLanguage\":\"en-US\"},{\"@type\":\"Organization\",\"@id\":\"https:\/\/bora-experience.si\/#organization\",\"name\":\"Bora Experience\",\"url\":\"https:\/\/bora-experience.si\/\",\"logo\":{\"@type\":\"ImageObject\",\"inLanguage\":\"en-US\",\"@id\":\"https:\/\/bora-experience.si\/#\/schema\/logo\/image\/\",\"url\":\"https:\/\/bora-experience.si\/wp-content\/uploads\/2022\/03\/cropped-Bora-logotipi2-jpg.jpg\",\"contentUrl\":\"https:\/\/bora-experience.si\/wp-content\/uploads\/2022\/03\/cropped-Bora-logotipi2-jpg.jpg\",\"width\":512,\"height\":512,\"caption\":\"Bora Experience\"},\"image\":{\"@id\":\"https:\/\/bora-experience.si\/#\/schema\/logo\/image\/\"},\"sameAs\":[\"https:\/\/www.facebook.com\/Bora-Experience-107522161486386\"]}]}<\/script>\n<!-- \/ Yoast SEO plugin. -->","yoast_head_json":{"title":"Guide - BORA Experience","robots":{"index":"index","follow":"follow","max-snippet":"max-snippet:-1","max-image-preview":"max-image-preview:large","max-video-preview":"max-video-preview:-1"},"canonical":"https:\/\/bora-experience.si\/en\/guide\/","og_locale":"en_US","og_type":"article","og_title":"Guide - BORA Experience","og_description":"[vc_row full_content_width=&#8221;row-inner-full&#8221; row_height_type=&#8221;fixed_height&#8221; height=&#8221;10%&#8221; bg_type=&#8221;image&#8221; parallax_bg=&#8221;parallax-bg&#8221; bg_position=&#8221;&#8221; bg_image=&#8221;75&#8243; bg_color=&#8221;#0a0a0a&#8221;][vc_column][vc_heading h_size=&#8221;h-large&#8221; title=&#8221;Our guide&#8221; title_color=&#8221;#fcfcfc&#8221; subtitle=&#8221;experienced professional licensed guide&#8221; subtitle_color=&#8221;#eaeaea&#8221; divider=&#8221;div-between&#8221;][\/vc_column][\/vc_row][vc_row][vc_column width=&#8221;1\/2&#8243;][vc_magic_image image=&#8221;605&#8243; alignment=&#8221;center&#8221; radius=&#8221;100%&#8221; img_size=&#8221;large&#8221;][\/vc_column][vc_column width=&#8221;1\/2&#8243;][vc_heading title=&#8221;Sebastian Prin\u010di\u010d&#8221;][vc_column_text] The licensed Bora Experience guide is experienced cyclist Sebastian Prin\u010di\u010d. He cycled a lot in Slovenia, Austria, Italy, France and Switzerland. With a lot of experience as a mountain biking guide and admirer of Slovenian Istria, he adores unspoiled nature, breath-taking views and genuine relationships with the people... Read more","og_url":"https:\/\/bora-experience.si\/en\/guide\/","og_site_name":"BORA Experience","article_publisher":"https:\/\/www.facebook.com\/Bora-Experience-107522161486386","article_modified_time":"2024-09-11T12:55:57+00:00","og_image":[{"width":1008,"height":756,"url":"https:\/\/bora-experience.si\/wp-content\/uploads\/2022\/07\/Bora-Experience-vodene-ture-z-elektricnimi-kolesi-po-slovenski-Istri-9.jpg","type":"image\/jpeg"}],"twitter_card":"summary_large_image","twitter_misc":{"Est. reading time":"1 minute"},"schema":{"@context":"https:\/\/schema.org","@graph":[{"@type":"WebPage","@id":"https:\/\/bora-experience.si\/en\/guide\/","url":"https:\/\/bora-experience.si\/en\/guide\/","name":"Guide - BORA Experience","isPartOf":{"@id":"https:\/\/bora-experience.si\/#website"},"datePublished":"2021-12-28T14:33:00+00:00","dateModified":"2024-09-11T12:55:57+00:00","breadcrumb":{"@id":"https:\/\/bora-experience.si\/en\/guide\/#breadcrumb"},"inLanguage":"en-US","potentialAction":[{"@type":"ReadAction","target":["https:\/\/bora-experience.si\/en\/guide\/"]}]},{"@type":"BreadcrumbList","@id":"https:\/\/bora-experience.si\/en\/guide\/#breadcrumb","itemListElement":[{"@type":"ListItem","position":1,"name":"Home","item":"https:\/\/bora-experience.si\/en\/home-page\/"},{"@type":"ListItem","position":2,"name":"Guide"}]},{"@type":"WebSite","@id":"https:\/\/bora-experience.si\/#website","url":"https:\/\/bora-experience.si\/","name":"BORA Experience","description":"E-Bikes Tours","publisher":{"@id":"https:\/\/bora-experience.si\/#organization"},"potentialAction":[{"@type":"SearchAction","target":{"@type":"EntryPoint","urlTemplate":"https:\/\/bora-experience.si\/?s={search_term_string}"},"query-input":{"@type":"PropertyValueSpecification","valueRequired":true,"valueName":"search_term_string"}}],"inLanguage":"en-US"},{"@type":"Organization","@id":"https:\/\/bora-experience.si\/#organization","name":"Bora Experience","url":"https:\/\/bora-experience.si\/","logo":{"@type":"ImageObject","inLanguage":"en-US","@id":"https:\/\/bora-experience.si\/#\/schema\/logo\/image\/","url":"https:\/\/bora-experience.si\/wp-content\/uploads\/2022\/03\/cropped-Bora-logotipi2-jpg.jpg","contentUrl":"https:\/\/bora-experience.si\/wp-content\/uploads\/2022\/03\/cropped-Bora-logotipi2-jpg.jpg","width":512,"height":512,"caption":"Bora Experience"},"image":{"@id":"https:\/\/bora-experience.si\/#\/schema\/logo\/image\/"},"sameAs":["https:\/\/www.facebook.com\/Bora-Experience-107522161486386"]}]}},"jetpack_sharing_enabled":true,"_links":{"self":[{"href":"https:\/\/bora-experience.si\/en\/wp-json\/wp\/v2\/pages\/963"}],"collection":[{"href":"https:\/\/bora-experience.si\/en\/wp-json\/wp\/v2\/pages"}],"about":[{"href":"https:\/\/bora-experience.si\/en\/wp-json\/wp\/v2\/types\/page"}],"author":[{"embeddable":true,"href":"https:\/\/bora-experience.si\/en\/wp-json\/wp\/v2\/users\/2"}],"replies":[{"embeddable":true,"href":"https:\/\/bora-experience.si\/en\/wp-json\/wp\/v2\/comments?post=963"}],"version-history":[{"count":0,"href":"https:\/\/bora-experience.si\/en\/wp-json\/wp\/v2\/pages\/963\/revisions"}],"wp:attachment":[{"href":"https:\/\/bora-experience.si\/en\/wp-json\/wp\/v2\/media?parent=963"}],"curies":[{"name":"wp","href":"https:\/\/api.w.org\/{rel}","templated":true}]}}