{"id":1871,"date":"2024-04-02T11:55:43","date_gmt":"2024-04-02T09:55:43","guid":{"rendered":"https:\/\/bora-experience.si\/izdelek\/boskarin-dolgi-kolesarski-izlet-v-zaledje-kopra-ogled-vinske-kleti-z-degustacijo-in-kosilo\/"},"modified":"2026-04-08T12:41:19","modified_gmt":"2026-04-08T10:41:19","slug":"boskarin-long-bike-tour-koper-wine-cellar-lunch","status":"publish","type":"product","link":"https:\/\/bora-experience.si\/en\/izdelek\/boskarin-long-bike-tour-koper-wine-cellar-lunch\/","title":{"rendered":"Boskarin: Long mountain biking tour to the hinterland of Koper + Wine cellar tour with tasting and Istrian"},"content":{"rendered":"<p><strong>The price includes: full suspension e-bike, guide, helmet, knee and elbow protection, snack, multi-course lunch, drink, tour organization + Gift!<\/strong><\/p>\n<p>Route: Izola, Ga\u017eon, \u0160marje, Pomjan, Ko\u0161tabona, Pu\u010de, Krkav\u010de, Nova Vas, Padna, Baredi, Izola<\/p>\n<p>Time and difficulty: 7 hours, 800 meters of altitude, 45 km<\/p>\n<p>From Izola, we climb through the beautiful village of Ga\u017eon to \u0160marje, to visit the unique wine cellar on the Santomas estate. After a snack and a tasting of a noble drop, we head towards the highest point of the trip, Pomjan &#8211; 361m, where the best view of Koper awaits us. After a short tour of the picturesque village of Pomjan, the highest village of the \u0160avrinski hills, we adventure along the forest single track to the hidden Supot waterfall and then climb to, according to the guide, the most beautiful Istrian village of Ko\u0161tabona, which lies on a flysch ridge above the Dragonja river. According to archaeological findings, there was already a prehistoric building site here. In Roman times, there was a fortress called Castrum Bonae, which protected the trade routes. The name Ko\u0161tabona was first mentioned in 1186. In the settlement there is a church of St. Cozme and Damjana, built of stone blocks. Ko\u0161tabona is an example of preserved Istrian architecture. Between wild nature, Istrian cliffs and the smell of Istria, we continue our cycling trip to the medieval village of Krkav\u010de. The village is built on three living rocks and has been mentioned since 1450. With beautiful views of the Dragonja valley and even the Se\u010dovel salt pans, we drive along the old paths through the village at the end of \u0160avrinski hills, Nova Vas and then to the picturesque village of Padna. A small village on a hill with a church of St. Bla\u017ea and with the bell tower from 1885, where the main feast awaits us in the Truffle House. After this wonderful experience, we descend with full bellies into the Padna valley and slowly rise above Izola among the vineyards, where we are captivated by the last view of the sea, followed by a short descent to Izola.<\/p>\n<p>The tour is for experienced mountain bikers who practice this sport several times a year, it is most recommended that we have met before on our Oljka tour (a full-day tour in the Izola backcountry, so you know what to expect). In the case of physical unpreparedness, the guide can always shorten the tour and use the asphalt road, as a result the tour is less natural, but we still have fun.<\/p>\n<ul>\n<li style=\"text-align: left;\">The trip starts and ends in Izola.<\/li>\n<li style=\"text-align: left;\"><strong>Snack:<\/strong> Istrian Homemade cold cuts, bread, olive oil + selected drink<\/li>\n<li><strong>Lunch:<\/strong> Istrian Multi-course lunch with local seasonal food + selected drink<\/li>\n<li style=\"text-align: left;\">When placing the order, write the desired difficulty under the notes: Easy, Medium or Hard difficulty. . The guide will try to adapt the trip to the wishes of the group.<\/li>\n<li style=\"text-align: left;\">In case of bad weather, the trip will be rescheduled or the purchase price will be refunded.<\/li>\n<li style=\"text-align: left;\">The e-bikes are for heights from 155 cm.<\/li>\n<li style=\"text-align: left;\">Children from 3 to 5 years and up to 27 kg can take part in the trip in a special Mac Ride child seat.<\/li>\n<\/ul>\n<p><strong>Discounts:<\/strong><\/p>\n<ul>\n<li>Children 3 to 12 years old have a 30% discount (price for children already indicated).<\/li>\n<li>Each subsequent registration for the tour: 10% discount on the base price. (Please contact us for this discount.)<\/li>\n<li>If you take part in the trip with your own electric bicycle, you have a discount of 30%. (A full-suspension e-bike is recommended.)<\/li>\n<li>Discounts do not stack.<\/li>\n<\/ul>\n<p>For a group of at least 4 people, you can have our guide just for you and we can customize the tour according to your wishes. For groups of less than 4 people there is an additional charge of 100\u20ac, which is divided among the members.<\/p>\n","protected":false},"excerpt":{"rendered":"<p>The price includes: full suspension e-bike, guide, helmet, knee and elbow protection, snack, multi-course lunch, drink, tour organization + Gift! Route: Izola, Ga\u017eon, \u0160marje, Pomjan, Ko\u0161tabona, Pu\u010de, Krkav\u010de, Nova Vas, Padna, Baredi, Izola Time and difficulty: 7 hours, 800 meters of altitude, 45 km From Izola, we climb through the beautiful village of Ga\u017eon to \u0160marje, to visit the unique wine cellar on the Santomas estate. After a snack and a tasting of a noble&#8230;  <\/p>\n<div class=\"read-more\"><a class=\"excerpt-read-more\" href=\"https:\/\/bora-experience.si\/en\/izdelek\/boskarin-long-bike-tour-koper-wine-cellar-lunch\/\" title=\"Continue reading Boskarin: Long mountain biking tour to the hinterland of Koper + Wine cellar tour with tasting and Istrian\">Read more<i class=\"fa fa-angle-right\"><\/i><\/a><\/div>\n","protected":false},"featured_media":1837,"comment_status":"closed","ping_status":"closed","template":"","meta":[],"product_cat":[48,47],"product_tag":[],"yoast_head":"<!-- This site is optimized with the Yoast SEO plugin v23.6 - https:\/\/yoast.com\/wordpress\/plugins\/seo\/ -->\n<title>Guided E-Bike Tour to the hinterland of Koper + Wine cellar tour and Lunch<\/title>\n<meta name=\"description\" content=\"Book a full-day Boskarin e-bike tour from Izola with a Santomas wine cellar visit, tasting, scenic Istrian villages and a traditional lunch in Padna.\" \/>\n<meta name=\"robots\" content=\"index, follow, max-snippet:-1, max-image-preview:large, max-video-preview:-1\" \/>\n<link rel=\"canonical\" href=\"https:\/\/bora-experience.si\/en\/izdelek\/boskarin-long-bike-tour-koper-wine-cellar-lunch\/\" \/>\n<meta property=\"og:locale\" content=\"en_US\" \/>\n<meta property=\"og:type\" content=\"article\" \/>\n<meta property=\"og:title\" content=\"Guided E-Bike Tour to the hinterland of Koper + Wine cellar tour and Lunch\" \/>\n<meta property=\"og:description\" content=\"Book a full-day Boskarin e-bike tour from Izola with a Santomas wine cellar visit, tasting, scenic Istrian villages and a traditional lunch in Padna.\" \/>\n<meta property=\"og:url\" content=\"https:\/\/bora-experience.si\/en\/izdelek\/boskarin-long-bike-tour-koper-wine-cellar-lunch\/\" \/>\n<meta property=\"og:site_name\" content=\"BORA Experience\" \/>\n<meta property=\"article:publisher\" content=\"https:\/\/www.facebook.com\/Bora-Experience-107522161486386\" \/>\n<meta property=\"article:modified_time\" content=\"2026-04-08T10:41:19+00:00\" \/>\n<meta property=\"og:image\" content=\"https:\/\/bora-experience.si\/wp-content\/uploads\/2024\/04\/IMG-20230831-WA0003.jpg\" \/>\n\t<meta property=\"og:image:width\" content=\"1098\" \/>\n\t<meta property=\"og:image:height\" content=\"1098\" \/>\n\t<meta property=\"og:image:type\" content=\"image\/jpeg\" \/>\n<meta name=\"twitter:card\" content=\"summary_large_image\" \/>\n<meta name=\"twitter:label1\" content=\"Est. reading time\" \/>\n\t<meta name=\"twitter:data1\" content=\"3 minutes\" \/>\n<script type=\"application\/ld+json\" class=\"yoast-schema-graph\">{\"@context\":\"https:\/\/schema.org\",\"@graph\":[{\"@type\":\"WebPage\",\"@id\":\"https:\/\/bora-experience.si\/en\/izdelek\/boskarin-long-bike-tour-koper-wine-cellar-lunch\/\",\"url\":\"https:\/\/bora-experience.si\/en\/izdelek\/boskarin-long-bike-tour-koper-wine-cellar-lunch\/\",\"name\":\"Guided E-Bike Tour to the hinterland of Koper + Wine cellar tour and Lunch\",\"isPartOf\":{\"@id\":\"https:\/\/bora-experience.si\/#website\"},\"primaryImageOfPage\":{\"@id\":\"https:\/\/bora-experience.si\/en\/izdelek\/boskarin-long-bike-tour-koper-wine-cellar-lunch\/#primaryimage\"},\"image\":{\"@id\":\"https:\/\/bora-experience.si\/en\/izdelek\/boskarin-long-bike-tour-koper-wine-cellar-lunch\/#primaryimage\"},\"thumbnailUrl\":\"https:\/\/bora-experience.si\/wp-content\/uploads\/2024\/04\/IMG-20230831-WA0003.jpg\",\"datePublished\":\"2024-04-02T09:55:43+00:00\",\"dateModified\":\"2026-04-08T10:41:19+00:00\",\"description\":\"Book a full-day Boskarin e-bike tour from Izola with a Santomas wine cellar visit, tasting, scenic Istrian villages and a traditional lunch in Padna.\",\"breadcrumb\":{\"@id\":\"https:\/\/bora-experience.si\/en\/izdelek\/boskarin-long-bike-tour-koper-wine-cellar-lunch\/#breadcrumb\"},\"inLanguage\":\"en-US\",\"potentialAction\":[{\"@type\":\"ReadAction\",\"target\":[\"https:\/\/bora-experience.si\/en\/izdelek\/boskarin-long-bike-tour-koper-wine-cellar-lunch\/\"]}]},{\"@type\":\"ImageObject\",\"inLanguage\":\"en-US\",\"@id\":\"https:\/\/bora-experience.si\/en\/izdelek\/boskarin-long-bike-tour-koper-wine-cellar-lunch\/#primaryimage\",\"url\":\"https:\/\/bora-experience.si\/wp-content\/uploads\/2024\/04\/IMG-20230831-WA0003.jpg\",\"contentUrl\":\"https:\/\/bora-experience.si\/wp-content\/uploads\/2024\/04\/IMG-20230831-WA0003.jpg\",\"width\":1098,\"height\":1098,\"caption\":\"Izola - Bora Experience - Vodene kolesarske ture \/ Guided e-bikes tours Izola\"},{\"@type\":\"BreadcrumbList\",\"@id\":\"https:\/\/bora-experience.si\/en\/izdelek\/boskarin-long-bike-tour-koper-wine-cellar-lunch\/#breadcrumb\",\"itemListElement\":[{\"@type\":\"ListItem\",\"position\":1,\"name\":\"Home\",\"item\":\"https:\/\/bora-experience.si\/en\/home-page\/\"},{\"@type\":\"ListItem\",\"position\":2,\"name\":\"Products\",\"item\":\"https:\/\/bora-experience.si\/en\/shop\/\"},{\"@type\":\"ListItem\",\"position\":3,\"name\":\"Boskarin: Long mountain biking tour to the hinterland of Koper + Wine cellar tour with tasting and Istrian\"}]},{\"@type\":\"WebSite\",\"@id\":\"https:\/\/bora-experience.si\/#website\",\"url\":\"https:\/\/bora-experience.si\/\",\"name\":\"BORA Experience\",\"description\":\"E-Bikes Tours\",\"publisher\":{\"@id\":\"https:\/\/bora-experience.si\/#organization\"},\"potentialAction\":[{\"@type\":\"SearchAction\",\"target\":{\"@type\":\"EntryPoint\",\"urlTemplate\":\"https:\/\/bora-experience.si\/?s={search_term_string}\"},\"query-input\":{\"@type\":\"PropertyValueSpecification\",\"valueRequired\":true,\"valueName\":\"search_term_string\"}}],\"inLanguage\":\"en-US\"},{\"@type\":\"Organization\",\"@id\":\"https:\/\/bora-experience.si\/#organization\",\"name\":\"Bora Experience\",\"url\":\"https:\/\/bora-experience.si\/\",\"logo\":{\"@type\":\"ImageObject\",\"inLanguage\":\"en-US\",\"@id\":\"https:\/\/bora-experience.si\/#\/schema\/logo\/image\/\",\"url\":\"https:\/\/bora-experience.si\/wp-content\/uploads\/2022\/03\/cropped-Bora-logotipi2-jpg.jpg\",\"contentUrl\":\"https:\/\/bora-experience.si\/wp-content\/uploads\/2022\/03\/cropped-Bora-logotipi2-jpg.jpg\",\"width\":512,\"height\":512,\"caption\":\"Bora Experience\"},\"image\":{\"@id\":\"https:\/\/bora-experience.si\/#\/schema\/logo\/image\/\"},\"sameAs\":[\"https:\/\/www.facebook.com\/Bora-Experience-107522161486386\"]}]}<\/script>\n<!-- \/ Yoast SEO plugin. -->","yoast_head_json":{"title":"Guided E-Bike Tour to the hinterland of Koper + Wine cellar tour and Lunch","description":"Book a full-day Boskarin e-bike tour from Izola with a Santomas wine cellar visit, tasting, scenic Istrian villages and a traditional lunch in Padna.","robots":{"index":"index","follow":"follow","max-snippet":"max-snippet:-1","max-image-preview":"max-image-preview:large","max-video-preview":"max-video-preview:-1"},"canonical":"https:\/\/bora-experience.si\/en\/izdelek\/boskarin-long-bike-tour-koper-wine-cellar-lunch\/","og_locale":"en_US","og_type":"article","og_title":"Guided E-Bike Tour to the hinterland of Koper + Wine cellar tour and Lunch","og_description":"Book a full-day Boskarin e-bike tour from Izola with a Santomas wine cellar visit, tasting, scenic Istrian villages and a traditional lunch in Padna.","og_url":"https:\/\/bora-experience.si\/en\/izdelek\/boskarin-long-bike-tour-koper-wine-cellar-lunch\/","og_site_name":"BORA Experience","article_publisher":"https:\/\/www.facebook.com\/Bora-Experience-107522161486386","article_modified_time":"2026-04-08T10:41:19+00:00","og_image":[{"width":1098,"height":1098,"url":"https:\/\/bora-experience.si\/wp-content\/uploads\/2024\/04\/IMG-20230831-WA0003.jpg","type":"image\/jpeg"}],"twitter_card":"summary_large_image","twitter_misc":{"Est. reading time":"3 minutes"},"schema":{"@context":"https:\/\/schema.org","@graph":[{"@type":"WebPage","@id":"https:\/\/bora-experience.si\/en\/izdelek\/boskarin-long-bike-tour-koper-wine-cellar-lunch\/","url":"https:\/\/bora-experience.si\/en\/izdelek\/boskarin-long-bike-tour-koper-wine-cellar-lunch\/","name":"Guided E-Bike Tour to the hinterland of Koper + Wine cellar tour and Lunch","isPartOf":{"@id":"https:\/\/bora-experience.si\/#website"},"primaryImageOfPage":{"@id":"https:\/\/bora-experience.si\/en\/izdelek\/boskarin-long-bike-tour-koper-wine-cellar-lunch\/#primaryimage"},"image":{"@id":"https:\/\/bora-experience.si\/en\/izdelek\/boskarin-long-bike-tour-koper-wine-cellar-lunch\/#primaryimage"},"thumbnailUrl":"https:\/\/bora-experience.si\/wp-content\/uploads\/2024\/04\/IMG-20230831-WA0003.jpg","datePublished":"2024-04-02T09:55:43+00:00","dateModified":"2026-04-08T10:41:19+00:00","description":"Book a full-day Boskarin e-bike tour from Izola with a Santomas wine cellar visit, tasting, scenic Istrian villages and a traditional lunch in Padna.","breadcrumb":{"@id":"https:\/\/bora-experience.si\/en\/izdelek\/boskarin-long-bike-tour-koper-wine-cellar-lunch\/#breadcrumb"},"inLanguage":"en-US","potentialAction":[{"@type":"ReadAction","target":["https:\/\/bora-experience.si\/en\/izdelek\/boskarin-long-bike-tour-koper-wine-cellar-lunch\/"]}]},{"@type":"ImageObject","inLanguage":"en-US","@id":"https:\/\/bora-experience.si\/en\/izdelek\/boskarin-long-bike-tour-koper-wine-cellar-lunch\/#primaryimage","url":"https:\/\/bora-experience.si\/wp-content\/uploads\/2024\/04\/IMG-20230831-WA0003.jpg","contentUrl":"https:\/\/bora-experience.si\/wp-content\/uploads\/2024\/04\/IMG-20230831-WA0003.jpg","width":1098,"height":1098,"caption":"Izola - Bora Experience - Vodene kolesarske ture \/ Guided e-bikes tours Izola"},{"@type":"BreadcrumbList","@id":"https:\/\/bora-experience.si\/en\/izdelek\/boskarin-long-bike-tour-koper-wine-cellar-lunch\/#breadcrumb","itemListElement":[{"@type":"ListItem","position":1,"name":"Home","item":"https:\/\/bora-experience.si\/en\/home-page\/"},{"@type":"ListItem","position":2,"name":"Products","item":"https:\/\/bora-experience.si\/en\/shop\/"},{"@type":"ListItem","position":3,"name":"Boskarin: Long mountain biking tour to the hinterland of Koper + Wine cellar tour with tasting and Istrian"}]},{"@type":"WebSite","@id":"https:\/\/bora-experience.si\/#website","url":"https:\/\/bora-experience.si\/","name":"BORA Experience","description":"E-Bikes Tours","publisher":{"@id":"https:\/\/bora-experience.si\/#organization"},"potentialAction":[{"@type":"SearchAction","target":{"@type":"EntryPoint","urlTemplate":"https:\/\/bora-experience.si\/?s={search_term_string}"},"query-input":{"@type":"PropertyValueSpecification","valueRequired":true,"valueName":"search_term_string"}}],"inLanguage":"en-US"},{"@type":"Organization","@id":"https:\/\/bora-experience.si\/#organization","name":"Bora Experience","url":"https:\/\/bora-experience.si\/","logo":{"@type":"ImageObject","inLanguage":"en-US","@id":"https:\/\/bora-experience.si\/#\/schema\/logo\/image\/","url":"https:\/\/bora-experience.si\/wp-content\/uploads\/2022\/03\/cropped-Bora-logotipi2-jpg.jpg","contentUrl":"https:\/\/bora-experience.si\/wp-content\/uploads\/2022\/03\/cropped-Bora-logotipi2-jpg.jpg","width":512,"height":512,"caption":"Bora Experience"},"image":{"@id":"https:\/\/bora-experience.si\/#\/schema\/logo\/image\/"},"sameAs":["https:\/\/www.facebook.com\/Bora-Experience-107522161486386"]}]}},"jetpack_sharing_enabled":true,"_links":{"self":[{"href":"https:\/\/bora-experience.si\/en\/wp-json\/wp\/v2\/product\/1871"}],"collection":[{"href":"https:\/\/bora-experience.si\/en\/wp-json\/wp\/v2\/product"}],"about":[{"href":"https:\/\/bora-experience.si\/en\/wp-json\/wp\/v2\/types\/product"}],"replies":[{"embeddable":true,"href":"https:\/\/bora-experience.si\/en\/wp-json\/wp\/v2\/comments?post=1871"}],"wp:featuredmedia":[{"embeddable":true,"href":"https:\/\/bora-experience.si\/en\/wp-json\/wp\/v2\/media\/1837"}],"wp:attachment":[{"href":"https:\/\/bora-experience.si\/en\/wp-json\/wp\/v2\/media?parent=1871"}],"wp:term":[{"taxonomy":"product_cat","embeddable":true,"href":"https:\/\/bora-experience.si\/en\/wp-json\/wp\/v2\/product_cat?post=1871"},{"taxonomy":"product_tag","embeddable":true,"href":"https:\/\/bora-experience.si\/en\/wp-json\/wp\/v2\/product_tag?post=1871"}],"curies":[{"name":"wp","href":"https:\/\/api.w.org\/{rel}","templated":true}]}}